{"id":36,"date":"2012-05-16T13:23:28","date_gmt":"2012-05-16T11:23:28","guid":{"rendered":"http:\/\/www.seniorenbeirat-grafrath.de\/?page_id=36"},"modified":"2026-02-24T10:21:06","modified_gmt":"2026-02-24T09:21:06","slug":"computer-treff","status":"publish","type":"page","link":"https:\/\/senioren-grafrath.de\/?page_id=36","title":{"rendered":"Computer-Treff"},"content":{"rendered":"<p>Der <strong>Computer-Treff f\u00fcr Senioren<\/strong> findet im Vereinssaal der Gemeinde statt:<\/p>\n<p>Zeit: Jeden <strong>Dienstag von 9 &#8211; 12 Uhr<\/strong> (Ausnahmen werden auf der Homepage im Artikel angezeigt!)<\/p>\n<p>Ort: Vereinssaal der Gemeinde Grafrath, Hauptstr. 62 (oberhalb Feuerwehr)<\/p>\n<p>Bedingung: Teilnehmen kann jede(r) Senior(in) \u00fcber 55 Jahre,&nbsp; Laptops, Notebooks, Netbooks k\u00f6nnen mitgebracht werden! Vorkenntnisse sind nicht erforderlich!!!!!!<\/p>\n<p>Laptop f\u00fcr Senioren ohne Computer oder Laptop ist vorhanden!!! Also kann jeder teilnehmen!<\/p>\n<p>Netzwerk ist vorhanden!<\/p>\n<p>Die <strong>Teilnahme ist kostenlos<\/strong>, Spenden sind aber willkommen, um die laufenden Kosten zu decken.<\/p>\n<p>Der Seniorenbeirat Grafrath freut sich auf Ihr Kommen.<\/p>\n<\/p>\n\n\n<p><\/p>\n\n\n\n<figure class=\"wp-block-embed\"><div class=\"wp-block-embed__wrapper\">\nhttps:\/\/Senioren-Grafrath.de\n<\/div><\/figure>\n\n\n\n<p><strong>euch in regelm\u00e4\u00dfigen Abst\u00e4nden Anregungen \u00fcber den vielf\u00e4ltigen Einsatz aus dem PC-Bereich anzubieten. Dabei sind wir aber auch auf eure Mithilfe angewiesen. Wenn ihr also ein interessantes Thema gefunden habt, scheut euch nicht dies \u00fcber unsere Homepage der Allgemeinheit zug\u00e4nglich zu machen.<\/strong><\/p>\n\n\n\n<p><strong>Michael<\/strong><\/p>\n\n\n\n<p><\/p>\n","protected":false},"excerpt":{"rendered":"<p>Der Computer-Treff f\u00fcr Senioren findet im Vereinssaal der Gemeinde statt: Zeit: Jeden Dienstag von 9 &#8211; 12 Uhr (Ausnahmen werden auf der Homepage im Artikel angezeigt!) Ort: Vereinssaal der Gemeinde Grafrath, Hauptstr. 62 (oberhalb Feuerwehr) Bedingung: Teilnehmen kann jede(r) Senior(in) &hellip; <a href=\"https:\/\/senioren-grafrath.de\/?page_id=36\">Weiterlesen <span class=\"meta-nav\">&rarr;<\/span><\/a><\/p>\n","protected":false},"author":1,"featured_media":0,"parent":0,"menu_order":4,"comment_status":"open","ping_status":"open","template":"","meta":{"footnotes":""},"class_list":["post-36","page","type-page","status-publish","hentry"],"_links":{"self":[{"href":"https:\/\/senioren-grafrath.de\/index.php?rest_route=\/wp\/v2\/pages\/36","targetHints":{"allow":["GET"]}}],"collection":[{"href":"https:\/\/senioren-grafrath.de\/index.php?rest_route=\/wp\/v2\/pages"}],"about":[{"href":"https:\/\/senioren-grafrath.de\/index.php?rest_route=\/wp\/v2\/types\/page"}],"author":[{"embeddable":true,"href":"https:\/\/senioren-grafrath.de\/index.php?rest_route=\/wp\/v2\/users\/1"}],"replies":[{"embeddable":true,"href":"https:\/\/senioren-grafrath.de\/index.php?rest_route=%2Fwp%2Fv2%2Fcomments&post=36"}],"version-history":[{"count":11,"href":"https:\/\/senioren-grafrath.de\/index.php?rest_route=\/wp\/v2\/pages\/36\/revisions"}],"predecessor-version":[{"id":1988,"href":"https:\/\/senioren-grafrath.de\/index.php?rest_route=\/wp\/v2\/pages\/36\/revisions\/1988"}],"wp:attachment":[{"href":"https:\/\/senioren-grafrath.de\/index.php?rest_route=%2Fwp%2Fv2%2Fmedia&parent=36"}],"curies":[{"name":"wp","href":"https:\/\/api.w.org\/{rel}","templated":true}]}}