{"id":68,"date":"2012-05-27T16:09:15","date_gmt":"2012-05-27T14:09:15","guid":{"rendered":"http:\/\/senioren-grafrath.de\/?page_id=68"},"modified":"2022-03-29T17:46:54","modified_gmt":"2022-03-29T15:46:54","slug":"impressum","status":"publish","type":"page","link":"https:\/\/senioren-grafrath.de\/?page_id=68","title":{"rendered":"Impressum"},"content":{"rendered":"<p>Gem\u00e4\u00df \u00a7 28 BDSG widerspreche ich jeder kommerziellen Verwendung und Weitergabe meiner Daten.<\/p>\n<p><strong>Verantwortungsbereich<\/strong>: Das Impressum gilt nur f\u00fcr die Internetpr\u00e4senz unter der Adresse: www.senioren-grafrath.de<\/p>\n<p><strong>Abgrenzung:<\/strong> Die Web-Pr\u00e4senz ist Teil des WWW und dementsprechend mit fremden, sich jederzeit wandeln k\u00f6nnenden Web-Sites verkn\u00fcpft, die folglich auch nicht diesem Verantwortungsbereich unterliegen und f\u00fcr die nachfolgende Informationen nicht gelten. Dass die Links weder gegen Sitten noch Gesetze versto\u00dfen, wurde genau ein mal gepr\u00fcft: bevor sie hier aufgenommen wurden.<\/p>\n<p>Haftungshinweis: <em>Trotz sorgf\u00e4ltiger inhaltlicher Kontrolle \u00fcbernehmen wir keine Haftung f\u00fcr die Inhalte externer Links. F\u00fcr den Inhalt der verlinkten Seiten sind ausschlie\u00dflich deren Betreiber verantwortlich.<\/em><\/p>\n<p><strong>Diensteanbieter<\/strong>: Seniorenbeirat Grafrath<\/p>\n<p><strong>Verantwortliche Ansprechperson<\/strong>: Josef Wild<\/p>\n<p><strong>Anschrift<\/strong>: Am Pechh\u00f6lzl 12a, 82284 Grafrath<\/p>\n<p><strong>elektronische Postadresse<\/strong>:Wild.Josef@gmx.de<\/p>\n<p>Schnelle elektronische und unmittelbare Kommunikation: Tel.: 08144-7557,<\/p>\n<p><strong>Zweck<\/strong> dieses Webprojektes: Darstellung des Seniorenbeirats in Grafrath<\/p>\n<p><strong>Journalistisch-redaktionelle Verantwortung<\/strong> : Josef Wild<\/p>\n<p><strong>Urheberschutz und Nutzung<\/strong><br \/>\nDer Urheber r\u00e4umt Ihnen ganz konkret das Nutzungsrecht ein, sich eine private Kopie f\u00fcr pers\u00f6nliche Zwecke anzufertigen. Nicht berechtigt sind Sie dagegen, die Materialien zu ver\u00e4ndern und \/oder weiter zu geben oder gar selbst zu ver\u00f6ffentlichen.<br \/>\nWenn nicht ausdr\u00fccklich anders vermerkt, liegen die Urheberrechte f\u00fcr <strong>Texte<\/strong> bei:Josef Wild<\/p>\n<p>Die meisten <strong>Illustrationen<\/strong> unterliegen den Urheberrechten von: Josef Wild<\/p>\n<p><strong>Datenschutz<\/strong> Personenbezogene Daten werden nur mit Ihrem Wissen und Ihrer Einwilligung erhoben. Auf Antrag erhalten Sie unentgeltlich Auskunft zu den \u00fcber Sie gespeicherten personenbezogenen Daten. Wenden Sie sich dazu bitte an: Josef Wild, Wild.Josef@gmx.de<\/p>\n<p><strong>Keine Haftung<\/strong>: Die Inhalte dieses Webprojektes wurden sorgf\u00e4ltig gepr\u00fcft und nach bestem Wissen erstellt. Aber f\u00fcr die hier dargebotenen Informationen wird kein Anspruch auf Vollst\u00e4ndigkeit, Aktualit\u00e4t, Qualit\u00e4t und Richtigkeit erhoben. Es kann keine Verantwortung f\u00fcr Sch\u00e4den \u00fcbernommen werden, die durch das Vertrauen auf die Inhalte dieser Website oder deren Gebrauch entstehen.<\/p>\n<p><strong>Schutzrechtsverletzung<\/strong>: Falls Sie vermuten, dass von dieser Website aus eines Ihrer Schutzrechte verletzt wird, teilen Sie das bitte umgehend per <a title=\"elektronische Post\" href=\"mailto:Wild.Josef@gmx.de\" target=\"_blank\" rel=\"noopener\">elektronischer Post<\/a> mit, damit z\u00fcgig Abhilfe geschafft werden kann. Bitte nehmen Sie zur Kenntnis: Die zeitaufw\u00e4ndigere Einschaltung eines Anwaltes zur f\u00fcr den Diensteanbieter kostenpflichtigen Abmahnung entspricht nicht dessen wirklichen oder mutma\u00dflichen Willen.<\/p>\n","protected":false},"excerpt":{"rendered":"<p>Gem\u00e4\u00df \u00a7 28 BDSG widerspreche ich jeder kommerziellen Verwendung und Weitergabe meiner Daten. Verantwortungsbereich: Das Impressum gilt nur f\u00fcr die Internetpr\u00e4senz unter der Adresse: www.senioren-grafrath.de Abgrenzung: Die Web-Pr\u00e4senz ist Teil des WWW und dementsprechend mit fremden, sich jederzeit wandeln k\u00f6nnenden &hellip; <a href=\"https:\/\/senioren-grafrath.de\/?page_id=68\">Weiterlesen <span class=\"meta-nav\">&rarr;<\/span><\/a><\/p>\n","protected":false},"author":1,"featured_media":0,"parent":0,"menu_order":6,"comment_status":"open","ping_status":"open","template":"","meta":{"footnotes":""},"class_list":["post-68","page","type-page","status-publish","hentry"],"_links":{"self":[{"href":"https:\/\/senioren-grafrath.de\/index.php?rest_route=\/wp\/v2\/pages\/68","targetHints":{"allow":["GET"]}}],"collection":[{"href":"https:\/\/senioren-grafrath.de\/index.php?rest_route=\/wp\/v2\/pages"}],"about":[{"href":"https:\/\/senioren-grafrath.de\/index.php?rest_route=\/wp\/v2\/types\/page"}],"author":[{"embeddable":true,"href":"https:\/\/senioren-grafrath.de\/index.php?rest_route=\/wp\/v2\/users\/1"}],"replies":[{"embeddable":true,"href":"https:\/\/senioren-grafrath.de\/index.php?rest_route=%2Fwp%2Fv2%2Fcomments&post=68"}],"version-history":[{"count":6,"href":"https:\/\/senioren-grafrath.de\/index.php?rest_route=\/wp\/v2\/pages\/68\/revisions"}],"predecessor-version":[{"id":1092,"href":"https:\/\/senioren-grafrath.de\/index.php?rest_route=\/wp\/v2\/pages\/68\/revisions\/1092"}],"wp:attachment":[{"href":"https:\/\/senioren-grafrath.de\/index.php?rest_route=%2Fwp%2Fv2%2Fmedia&parent=68"}],"curies":[{"name":"wp","href":"https:\/\/api.w.org\/{rel}","templated":true}]}}